{"id":21,"date":"2017-03-16T19:57:09","date_gmt":"2017-03-16T19:57:09","guid":{"rendered":"http:\/\/dr-barbara-kunz.de\/?page_id=21"},"modified":"2020-03-25T17:45:01","modified_gmt":"2020-03-25T17:45:01","slug":"hausarztpraxis-dr-barbara-kunz","status":"publish","type":"page","link":"http:\/\/dr-barbara-kunz.de\/","title":{"rendered":"Hausarztpraxis Dr. Barbara Kunz"},"content":{"rendered":"<h2>Herzlich Willkommen!<\/h2>\n<div class=\"small-center small-clear\"><img loading=\"lazy\" decoding=\"async\" class=\"alignright size-medium wp-image-200 alignright small-center\" src=\"http:\/\/dr-barbara-kunz.de\/wp-content\/uploads\/2017\/10\/_MG_7274-300x300.png\" alt=\"\" width=\"300\" height=\"300\"><\/div>\n<p class=\"\">Ich biete Ihnen eine umfassende haus\u00e4rztliche und internistische Versorgung auch in Verbindung mit Naturheilverfahren und Akupunktur.<\/p>\n<p class=\"\">Mein Anliegen ist es, Ihnen in allen gesundheitlichen Fragen als zuverl\u00e4ssiger und kompetenter Ansprechpartner zur Verf\u00fcgung zu stehen.<\/p>\n<p class=\"\">Um l\u00e4ngere Wartezeiten zu vermeiden, bitte ich um telefonische Terminvereinbarung.<\/p>\n<p class=\"\">Ich freue mich auf Ihren Besuch.<\/p>\n<p class=\"\" style=\"height: 30px\"><\/p>\n<p class=\"\">Ihre Dr. Barbara Kunz<\/p>\n\n<style>\n.nobreak{word-wrap: initial;min-width: 100px;-moz-hyphens: auto;-o-hyphens: auto;-webkit-hyphens: auto;-ms-hyphens: auto;hyphens: auto;} @media (max-width: 600px) { .small-clear{clear:both;} .small-left{float: left !important;} .small-center{display:flex;margin:0 auto;}}<\/style>","protected":false},"excerpt":{"rendered":"<p>Herzlich Willkommen! Ich biete Ihnen eine umfassende haus\u00e4rztliche und internistische Versorgung auch in Verbindung mit Naturheilverfahren und Akupunktur. Mein Anliegen ist es, Ihnen in allen gesundheitlichen Fragen als zuverl\u00e4ssiger und kompetenter Ansprechpartner zur Verf\u00fcgung zu stehen. Um l\u00e4ngere Wartezeiten zu<\/p>\n","protected":false},"author":1,"featured_media":0,"parent":0,"menu_order":0,"comment_status":"closed","ping_status":"closed","template":"","meta":{"footnotes":""},"class_list":["post-21","page","type-page","status-publish","hentry"],"_links":{"self":[{"href":"http:\/\/dr-barbara-kunz.de\/index.php?rest_route=\/wp\/v2\/pages\/21","targetHints":{"allow":["GET"]}}],"collection":[{"href":"http:\/\/dr-barbara-kunz.de\/index.php?rest_route=\/wp\/v2\/pages"}],"about":[{"href":"http:\/\/dr-barbara-kunz.de\/index.php?rest_route=\/wp\/v2\/types\/page"}],"author":[{"embeddable":true,"href":"http:\/\/dr-barbara-kunz.de\/index.php?rest_route=\/wp\/v2\/users\/1"}],"replies":[{"embeddable":true,"href":"http:\/\/dr-barbara-kunz.de\/index.php?rest_route=%2Fwp%2Fv2%2Fcomments&post=21"}],"version-history":[{"count":53,"href":"http:\/\/dr-barbara-kunz.de\/index.php?rest_route=\/wp\/v2\/pages\/21\/revisions"}],"predecessor-version":[{"id":253,"href":"http:\/\/dr-barbara-kunz.de\/index.php?rest_route=\/wp\/v2\/pages\/21\/revisions\/253"}],"wp:attachment":[{"href":"http:\/\/dr-barbara-kunz.de\/index.php?rest_route=%2Fwp%2Fv2%2Fmedia&parent=21"}],"curies":[{"name":"wp","href":"https:\/\/api.w.org\/{rel}","templated":true}]}}