{"id":28,"date":"2017-03-16T20:21:51","date_gmt":"2017-03-16T20:21:51","guid":{"rendered":"http:\/\/dr-barbara-kunz.de\/?page_id=28"},"modified":"2025-04-05T14:01:37","modified_gmt":"2025-04-05T14:01:37","slug":"anfahrt","status":"publish","type":"page","link":"http:\/\/dr-barbara-kunz.de\/?page_id=28","title":{"rendered":"Anfahrt"},"content":{"rendered":"\n<div style=\"float: left; margin-right: 15px;\">\n<h3>So erreichen Sie uns mit \u00f6ffentlichen Verkehrsmitteln:<\/h3>\n<p><b>U-Bahn:<\/b> Linie 5 Haltestelle &#8222;Laimer Platz&#8220;, danach ca. 11min zu Fu\u00df<br><br>\n<b>S-Bahn:<\/b> Haltestelle &#8222;Laim&#8220;, danach ca. 12min zu Fu\u00df<br><br>\n<b>Bus:<\/b> Linie 51, 151, 168 Haltestelle &#8222;F\u00fcrstenrieder Stra\u00dfe&#8220;, danach 50m zu Fu\u00df<br><br>\n<strong>Tram:&nbsp;<\/strong>Linie 19 Haltestelle &#8222;F\u00fcrstenrieder Stra\u00dfe&#8220;, danach 50m zu Fu\u00df<\/p>\n<\/div>\n\n\n\n<div class=\"huge-right\" style=\"float: right;\">\n<h3>Adresse:<\/h3>\n<p>Dr. med. Barbara Kunz<br>\nAgnes-Bernauer-Str. 81<br>\n80687 M\u00fcnchen<\/p>\n<\/div>\n\n\n<div class=\"wpgmza-store-locator wpgmza_sl_main_div\" data-id=\"1\">\r\n\t<div class=\"wpgmza-address-container wpgmza-form-field wpgmza_sl_query_div wpgmza-clearfix\">\r\n\t\t<label class=\"wpgmza-address wpgmza-form-field__label wpgmza-form-field__label--float\" data-name=\"addressLabel\" for=\"addressInput\">PLZ \/ Adresse:<\/label>\r\n\t\t<input class=\"wpgmza-address\" type=\"text\" placeholder=\"Einen Ort eingeben\" autocomplete=\"off\" data-name=\"defaultAddress\" value=\"\" id=\"addressInput\" size=\"20\" aria-label=\"PLZ \/ Adresse:\">\r\n\t<\/div>\r\n\t\r\n\t<div class=\"wpgmza-radius-container wpgmza-form-field wpgmza_sl_radius_div wpgmza-clearfix\">\r\n\t\t<label class=\"wpgmza-radius wpgmza-form-field__label wpgmza-form-field__label--float\" for=\"radiusSelect\">\r\n\t\t\tRadius:\t\t<\/label>\r\n\t\t<select class=\"wpgmza-radius wpgmza-form-field__input wpgmza_sl_radius_select\" id=\"radiusSelect\" aria-label=\"Radius:\"><option class=\"wpgmza-radius wpgmza_sl_select_option\" value=\"1\">1mi<\/option><option class=\"wpgmza-radius wpgmza_sl_select_option\" value=\"5\">5mi<\/option><option class=\"wpgmza-radius wpgmza_sl_select_option\" value=\"10\" selected>10mi<\/option><option class=\"wpgmza-radius wpgmza_sl_select_option\" value=\"25\">25mi<\/option><option class=\"wpgmza-radius wpgmza_sl_select_option\" value=\"50\">50mi<\/option><option class=\"wpgmza-radius wpgmza_sl_select_option\" value=\"75\">75mi<\/option><option class=\"wpgmza-radius wpgmza_sl_select_option\" value=\"100\">100mi<\/option><option class=\"wpgmza-radius wpgmza_sl_select_option\" value=\"150\">150mi<\/option><option class=\"wpgmza-radius wpgmza_sl_select_option\" value=\"200\">200mi<\/option><option class=\"wpgmza-radius wpgmza_sl_select_option\" value=\"300\">300mi<\/option><\/select>\r\n\t<\/div>\r\n\t\r\n\t<input class=\"wpgmza-search wpgmza_sl_search_button wpgmza_sl_search_button_1\" value=\"Suche\" type=\"button\" onclick=\"searchLocations(1)\">\r\n\t\r\n\t<div class=\"wpgmza-no-results wpgmza-not-found-msg js-not-found-msg\" style=\"display: none;\">\r\n\t\t<p data-name=\"notFoundMessage\">Keine Ergebnisse in dieser Position gefunden. Bitte versuche es erneut.<\/p>\r\n\t<\/div>\r\n<\/div><div id=\"wpgmza_map\" class=\"wpgmza_map\" data-settings='{\"id\":\"1\",\"map_title\":\"Lageplan\",\"map_width\":\"100\",\"map_height\":\"400\",\"map_start_lat\":\"48.14033506420956\",\"map_start_lng\":\"11.502238941528335\",\"map_start_location\":\"48.1511592,11.538201500000014\",\"map_start_zoom\":\"14\",\"default_marker\":\"0\",\"type\":\"1\",\"alignment\":\"1\",\"directions_enabled\":\"1\",\"styling_enabled\":\"0\",\"styling_json\":\"\",\"active\":\"0\",\"kml\":\"\",\"bicycle\":\"0\",\"traffic\":\"0\",\"dbox\":\"1\",\"dbox_width\":\"100\",\"listmarkers\":\"0\",\"listmarkers_advanced\":\"0\",\"filterbycat\":\"0\",\"ugm_enabled\":\"0\",\"ugm_category_enabled\":\"0\",\"fusion\":\"\",\"map_width_type\":\"%\",\"map_height_type\":\"px\",\"mass_marker_support\":\"1\",\"ugm_access\":\"0\",\"order_markers_by\":\"0\",\"order_markers_choice\":\"0\",\"show_user_location\":\"0\",\"default_to\":\"\",\"other_settings\":{\"store_locator_enabled\":true,\"store_locator_distance\":true,\"store_locator_bounce\":1,\"store_locator_query_string\":\"\",\"store_locator_default_address\":\"\",\"wpgmza_store_locator_restrict\":\"\",\"map_max_zoom\":\"1\",\"transport_layer\":false,\"wpgmza_theme_data\":\"\",\"action\":\"wpgmza_save_map\",\"redirect_to\":\"\\\/wp-admin\\\/admin-post.php\",\"map_id\":\"1\",\"http_referer\":\"\\\/wp-admin\\\/admin.php?page=wp-google-maps-menu&amp;amp;action=edit&amp;amp;map_id=1\",\"wpgmza_id\":\"1\",\"wpgmza_start_location\":\"48.14033506420956,11.502238941528335\",\"wpgmza_start_zoom\":\"14\",\"store_locator_search_area\":\"radial\",\"wpgmza_store_locator_radius_style\":\"legacy\",\"wpgmza_store_locator_default_radius\":\"10\",\"store_locator_auto_area_max_zoom\":\"\",\"wpgmza_store_locator_position\":false,\"store_locator_show_distance\":false,\"store_locator_category\":false,\"wpgmza_store_locator_use_their_location\":false,\"wpgmza_store_locator_bounce\":false,\"wpgmza_sl_animation\":null,\"wpgmza_store_locator_hide_before_search\":false,\"store_locator_location_placeholder\":\"\",\"store_locator_name_search\":false,\"store_locator_name_string\":\"\",\"store_locator_not_found_message\":\"\",\"sl_stroke_color\":\"\",\"sl_stroke_opacity\":\"\",\"sl_fill_color\":\"\",\"sl_fill_opacity\":\"\",\"wpgmza_map_align\":\"1\",\"jump_to_nearest_marker_on_initialization\":false,\"automatically_pan_to_users_location\":false,\"override_users_location_zoom_level\":false,\"override_users_location_zoom_levels\":\"\",\"show_distance_from_location\":false,\"map_min_zoom\":\"0\",\"click_open_link\":false,\"fit_maps_bounds_to_markers\":false,\"fit_maps_bounds_to_markers_after_filtering\":false,\"hide_point_of_interest\":false,\"wpgmza_zoom_on_marker_click\":false,\"wpgmza_zoom_on_marker_click_slider\":\"\",\"close_infowindow_on_map_click\":false,\"disable_lightbox_images\":false,\"use_Raw_Jpeg_Coordinates\":false,\"polygon_labels\":false,\"disable_polygon_info_windows\":false,\"enable_marker_ratings\":false,\"enable_marker_labels\":false,\"only_load_markers_within_viewport\":false,\"zoom_level_mobile_override_enabled\":false,\"zoom_level_mobile_override\":\"\",\"iw_primary_color\":\"#000000\",\"iw_accent_color\":\"#000000\",\"iw_text_color\":\"#000000\",\"wpgmza_listmarkers_by\":\"0\",\"wpgmza_marker_listing_position\":false,\"wpgmza_push_in_map\":false,\"wpgmza_push_in_map_placement\":null,\"wpgmza_push_in_map_width\":\"\",\"wpgmza_push_in_map_height\":\"\",\"zoom_level_on_marker_listing_override\":false,\"zoom_level_on_marker_listing_click\":\"\",\"marker_listing_disable_zoom\":false,\"datatable_no_result_message\":\"\",\"remove_search_box_datables\":false,\"dataTable_pagination_style\":null,\"datatable_search_string\":\"\",\"datatable_result_start\":\"\",\"datatable_result_of\":\"\",\"datatable_result_to\":\"\",\"datatable_result_total\":\"\",\"datatable_result_show\":\"\",\"datatable_result_entries\":\"\",\"wpgmza_savemap\":\"Karte speichern \\u00bb\"}}' data-map-id='1' Data-maps-engine='google-maps' data-shortcode-attributes='{\"id\":\"1\"}' style=\"display:block; overflow:auto; width:100%; height:400px; float:left;\"><\/div>\n\n\n\n<h3 class=\"wp-block-heading\"><\/h3>\n\n\n\n<style>\n<p>@media (max-width: 900px) {<br \/>\n  .huge-right{<br \/>\n    float: left !important;<br \/>\n  }<br \/>\n}<br \/>\n<\/style>\n","protected":false},"excerpt":{"rendered":"<p>So erreichen Sie uns mit \u00f6ffentlichen Verkehrsmitteln: U-Bahn: Linie 5 Haltestelle &#8222;Laimer Platz&#8220;, danach ca. 11min zu Fu\u00df S-Bahn: Haltestelle &#8222;Laim&#8220;, danach ca. 12min zu Fu\u00df Bus: Linie 51, 151, 168 Haltestelle &#8222;F\u00fcrstenrieder Stra\u00dfe&#8220;, danach 50m zu Fu\u00df Tram:&nbsp;Linie 19<\/p>\n","protected":false},"author":1,"featured_media":0,"parent":0,"menu_order":0,"comment_status":"closed","ping_status":"closed","template":"","meta":{"footnotes":""},"class_list":["post-28","page","type-page","status-publish","hentry"],"_links":{"self":[{"href":"http:\/\/dr-barbara-kunz.de\/index.php?rest_route=\/wp\/v2\/pages\/28","targetHints":{"allow":["GET"]}}],"collection":[{"href":"http:\/\/dr-barbara-kunz.de\/index.php?rest_route=\/wp\/v2\/pages"}],"about":[{"href":"http:\/\/dr-barbara-kunz.de\/index.php?rest_route=\/wp\/v2\/types\/page"}],"author":[{"embeddable":true,"href":"http:\/\/dr-barbara-kunz.de\/index.php?rest_route=\/wp\/v2\/users\/1"}],"replies":[{"embeddable":true,"href":"http:\/\/dr-barbara-kunz.de\/index.php?rest_route=%2Fwp%2Fv2%2Fcomments&post=28"}],"version-history":[{"count":14,"href":"http:\/\/dr-barbara-kunz.de\/index.php?rest_route=\/wp\/v2\/pages\/28\/revisions"}],"predecessor-version":[{"id":262,"href":"http:\/\/dr-barbara-kunz.de\/index.php?rest_route=\/wp\/v2\/pages\/28\/revisions\/262"}],"wp:attachment":[{"href":"http:\/\/dr-barbara-kunz.de\/index.php?rest_route=%2Fwp%2Fv2%2Fmedia&parent=28"}],"curies":[{"name":"wp","href":"https:\/\/api.w.org\/{rel}","templated":true}]}}