{"id":31,"date":"2017-03-16T20:24:42","date_gmt":"2017-03-16T20:24:42","guid":{"rendered":"http:\/\/dr-barbara-kunz.de\/?page_id=31"},"modified":"2017-10-14T13:23:14","modified_gmt":"2017-10-14T13:23:14","slug":"unser-team","status":"publish","type":"page","link":"https:\/\/dr-barbara-kunz.de\/?page_id=31","title":{"rendered":"Unser Team"},"content":{"rendered":"<div class=\"small-center\">\r\n<img loading=\"lazy\" decoding=\"async\" class=\"wp-image-82 size-medium alignleft marginright small-center\" src=\"http:\/\/dr-barbara-kunz.de\/wp-content\/uploads\/2017\/10\/_MG_7274-300x300.png\" alt=\"\" width=\"300\" height=\"300\" \/>\r\n<\/div>\r\n<h2 style=\"padding-left: 30px;\" class=\"small-clear\">Dr. Barbara Kunz<\/h2>\r\n<ul>\r\n \t<li>Medizinstudium an der LMU M\u00fcnchen 1984 &#8211; 1990<\/li>\r\n \t<li>Auslandssemester Universit\u00e4t Wien und Universit\u00e4t Nottingham<\/li>\r\n \t<li>Promotion 1991 \u00fcber Thema der Onkologie<\/li>\r\n \t<li>Ausbildung zum Facharzt f\u00fcr Innere Medizin am Klinikum Bogenhausen 1991 &#8211; 1998<\/li>\r\n \t<li>Anerkennung Hom\u00f6opathie 1996<\/li>\r\n \t<li>Anerkennung Naturheilverfahren 1998<\/li>\r\n \t<li>Anerkennung Akupunktur 2005<\/li>\r\n \t<li>Seit 1999 Niederlassung als haus\u00e4rztliche Internistin<br data-brackets-id=\"94\" \/><br data-brackets-id=\"100\" \/><\/li>\r\n<\/ul>\r\n\r\n<hr style=\"clear: both;\" \/>\r\n<div class=\"small-center\">\r\n<img loading=\"lazy\" decoding=\"async\" class=\"size-medium wp-image-8 alignleft marginright small-center\" src=\"http:\/\/dr-barbara-kunz.de\/wp-content\/uploads\/2017\/10\/MG_7238-2.jpg\" alt=\"\" width=\"300\" height=\"300\" \/><\/div>\r\n<h2 style=\"padding-left: 30px;\" class=\"small-clear\">Frau Janz und Frau Britzke<\/h2>\r\n<p>\r\n<ul>\r\n<li>Unsere langj\u00e4hrigen kompetenten Arzthelferinnen.<\/li>\r\n<\/ul>\r\n<\/p>\r\n\r\n<hr style=\"clear: both;\" \/>\r\n<div class=\"small-center\">\r\n<img loading=\"lazy\" decoding=\"async\" class=\"size-medium wp-image-8 alignleft marginright small-center\" src=\"http:\/\/dr-barbara-kunz.de\/wp-content\/uploads\/2017\/10\/MG_7233-300x300.jpg\" alt=\"\" width=\"300\" height=\"300\" \/><\/div>\r\n<h2 style=\"padding-left: 30px;\" class=\"small-clear\"><\/h2>\r\n<p style=\"max-width: 1000px;\"><\/p>\r\n\r\n<style>\r\n.marginright {\r\nmargin-right: 60px;\r\nmargin-bottom: 15px;\r\nmargin-left:10px;\r\n}\r\n@media (max-width: 750px) {\r\n  .small-clear{\r\n    clear: both;\r\n  }\r\n.small-center{\r\n    display: flex;\r\n    margin: 0 auto;\r\n  }\r\n}\r\n<\/style>","protected":false},"excerpt":{"rendered":"<p>Dr. Barbara Kunz Medizinstudium an der LMU M\u00fcnchen 1984 &#8211; 1990 Auslandssemester Universit\u00e4t Wien und Universit\u00e4t Nottingham Promotion 1991 \u00fcber Thema der Onkologie Ausbildung zum Facharzt f\u00fcr Innere Medizin am Klinikum Bogenhausen 1991 &#8211; 1998 Anerkennung Hom\u00f6opathie 1996 Anerkennung Naturheilverfahren<\/p>\n","protected":false},"author":1,"featured_media":0,"parent":0,"menu_order":0,"comment_status":"closed","ping_status":"closed","template":"","meta":{"footnotes":""},"class_list":["post-31","page","type-page","status-publish","hentry"],"_links":{"self":[{"href":"https:\/\/dr-barbara-kunz.de\/index.php?rest_route=\/wp\/v2\/pages\/31","targetHints":{"allow":["GET"]}}],"collection":[{"href":"https:\/\/dr-barbara-kunz.de\/index.php?rest_route=\/wp\/v2\/pages"}],"about":[{"href":"https:\/\/dr-barbara-kunz.de\/index.php?rest_route=\/wp\/v2\/types\/page"}],"author":[{"embeddable":true,"href":"https:\/\/dr-barbara-kunz.de\/index.php?rest_route=\/wp\/v2\/users\/1"}],"replies":[{"embeddable":true,"href":"https:\/\/dr-barbara-kunz.de\/index.php?rest_route=%2Fwp%2Fv2%2Fcomments&post=31"}],"version-history":[{"count":51,"href":"https:\/\/dr-barbara-kunz.de\/index.php?rest_route=\/wp\/v2\/pages\/31\/revisions"}],"predecessor-version":[{"id":236,"href":"https:\/\/dr-barbara-kunz.de\/index.php?rest_route=\/wp\/v2\/pages\/31\/revisions\/236"}],"wp:attachment":[{"href":"https:\/\/dr-barbara-kunz.de\/index.php?rest_route=%2Fwp%2Fv2%2Fmedia&parent=31"}],"curies":[{"name":"wp","href":"https:\/\/api.w.org\/{rel}","templated":true}]}}