{"id":48,"date":"2017-03-16T22:33:16","date_gmt":"2017-03-16T22:33:16","guid":{"rendered":"http:\/\/dr-barbara-kunz.de\/?page_id=48"},"modified":"2026-03-10T21:00:47","modified_gmt":"2026-03-10T21:00:47","slug":"impressum","status":"publish","type":"page","link":"https:\/\/dr-barbara-kunz.de\/?page_id=48","title":{"rendered":"Impressum"},"content":{"rendered":"\n<p>Angaben gem\u00e4\u00df \u00a76 TMG:<br>Dr. Barbara Kunz<br>Agnes-Bernauer-Str. 81<br>80687\u00a0 M\u00fcnchen<br><br>Kontakt<br>Telefon: 089 182183<br>Fax: 089 182955<br>E-Mail: praxis@dr-barbara-kunz.de<br><br>Frau Dr. Barbara Kunz ist Fach\u00e4rztin f\u00fcr Innere Medizin. Diese Berufsbezeichnung wurde durch die Bayerische Landes\u00e4rztekammer verliehen.<br>Die zust\u00e4ndige kassen\u00e4rztliche Vereinigung ist die KV Bayern:<br>KVB M\u00fcnchen,\u00a0 80684 M\u00fcnchen, www.kvb.de<br><br>Umsatzsteuer-ID 145\/157\/70853<br><br>Realisation:<br>Johannes F. Kunz<br><br>Verantwortlich f\u00fcr den Inhalt nach \u00a755 Abs. 2 RstV<br>Dr. Barbara Kunz<br><br>\u00a0<br><br><strong>Datenschutzerkl\u00e4rung<\/strong><br><br><strong>Geltungsbereich<\/strong><br>Diese Datenschutzerkl\u00e4rung soll die Nutzer dieser Website gem\u00e4\u00df<br>Bundesdatenschutzgesetz und Telemediengesetz \u00fcber die Art, den Umfang und den Zweck<br>der Erhebung und Verwendung personenbezogener Daten durch den Websitebetreiber<br>Dr. Barbara Kunz, Agnes-Bernauer-Stra\u00dfe 81, 80687 M\u00fcnchen,\u00a0informieren.<br>Der Websitebetreiber nimmt Ihren Datenschutz sehr ernst und behandelt Ihre<br>personenbezogenen Daten vertraulich und entsprechend der gesetzlichen Vorschriften.<br>Bedenken Sie, dass die Daten\u00fcbertragung im Internet grunds\u00e4tzlich mit Sicherheitsl\u00fccken<br>bedacht sein kann. Ein vollumf\u00e4nglicher Schutz vor dem Zugriff durch Fremde ist nicht<br>realisierbar.<br><br><strong>Zugriffsdaten<\/strong><br>Der Websitebetreiber bzw. Seitenprovider erhebt Daten \u00fcber Zugriffe auf die Seite und<br>speichert diese als \u201eServer-Logfiles\u201c ab. Folgende Daten werden so protokolliert:<\/p>\n\n\n\n<ul class=\"wp-block-list\">\n<li>Besuchte Website<\/li>\n\n\n\n<li>&nbsp;Uhrzeit zum Zeitpunkt des Zugriffes<\/li>\n\n\n\n<li>&nbsp;Menge der gesendeten Daten in Byte<\/li>\n\n\n\n<li>&nbsp;Quelle\/Verweis, von welchem Sie auf die Seite gelangten<\/li>\n\n\n\n<li>&nbsp;Verwendeter Browser<\/li>\n\n\n\n<li>&nbsp;Verwendetes Betriebssystem<\/li>\n\n\n\n<li>&nbsp;Verwendete IP-Adresse<\/li>\n<\/ul>\n\n\n\n<p>Die erhobenen Daten dienen lediglich statistischen Auswertungen und zur Verbesserung der<br>Website. Der Websitebetreiber beh\u00e4lt sich allerdings vor, die Server-Logfiles nachtr\u00e4glich zu<br>\u00fcberpr\u00fcfen, sollten konkrete Anhaltspunkte auf eine rechtswidrige Nutzung hinweisen.<br><br><strong>Cookies<\/strong><br>Diese Website verwendet Cookies. Dabei handelt es sich um kleine Textdateien, welche auf<br>Ihrem Endger\u00e4t gespeichert werden. Ihr Browser greift auf diese Dateien zu. Durch den<br>Einsatz von Cookies erh\u00f6ht sich die Benutzerfreundlichkeit und Sicherheit dieser Website.<br><br>G\u00e4ngige Browser bieten die Einstellungsoption, Cookies nicht zuzulassen. Hinweis: Es ist<br>nicht gew\u00e4hrleistet, dass Sie auf alle Funktionen dieser Website ohne Einschr\u00e4nkungen<br>zugreifen k\u00f6nnen, wenn Sie entsprechende Einstellungen vornehmen.<br><br><strong>Umgang mit personenbezogenen Daten<\/strong><br>Der Websitebetreiber erhebt, nutzt und gibt Ihre personenbezogenen Daten nur dann weiter,<br>wenn dies im gesetzlichen Rahmen erlaubt ist oder Sie in die Datenerhebung einwilligen.<br>Als personenbezogene Daten gelten s\u00e4mtliche Informationen, welche dazu dienen, Ihre<br>Person zu bestimmen und welche zu Ihnen zur\u00fcckverfolgt werden k\u00f6nnen \u2013 also<br>beispielsweise Ihr Name, Ihre E-Mail-Adresse und Telefonnummer.<br><br><strong>Umgang mit Kontaktdaten<\/strong><br>Nehmen Sie mit dem Websitebetreiber durch die angebotenen Kontaktm\u00f6glichkeiten<br>Verbindung auf, werden Ihre Angaben gespeichert, damit auf diese zur Bearbeitung und<br>Beantwortung Ihrer Anfrage zur\u00fcckgegriffen werden kann. Ohne Ihre Einwilligung werden<br>diese Daten nicht an Dritte weitergegeben.<br><br><strong>Umgang mit Kommentaren und Beitr\u00e4gen<\/strong><br>Hinterlassen Sie auf dieser Website einen Beitrag oder Kommentar, wird Ihre IP-Adresse<br>gespeichert. Dies dient der Sicherheit des Websitebetreibers: Verst\u00f6\u00dft Ihr Text gegen das<br>Recht, m\u00f6chte er Ihre Identit\u00e4t nachverfolgen k\u00f6nnen.<br><br><strong>Rechte des Nutzers: Auskunft, Berichtigung und L\u00f6schung<\/strong><br>Sie als Nutzer erhalten auf Antrag Ihrerseits kostenlose Auskunft dar\u00fcber, welche<br>personenbezogenen Daten \u00fcber Sie gespeichert wurden. Sofern Ihr Wunsch nicht mit einer<br>gesetzlichen Pflicht zur Aufbewahrung von Daten (z. B. Vorratsdatenspeicherung) kollidiert,<br>haben Sie ein Anrecht auf Berichtigung falscher Daten und auf die Sperrung oder L\u00f6schung<br>Ihrer personenbezogenen Daten.<\/p>\n","protected":false},"excerpt":{"rendered":"<p>Angaben gem\u00e4\u00df \u00a76 TMG:Dr. Barbara KunzAgnes-Bernauer-Str. 8180687\u00a0 M\u00fcnchenKontaktTelefon: 089 182183Fax: 089 182955E-Mail: praxis@dr-barbara-kunz.deFrau Dr. Barbara Kunz ist Fach\u00e4rztin f\u00fcr Innere Medizin. Diese Berufsbezeichnung wurde durch die Bayerische Landes\u00e4rztekammer verliehen.Die zust\u00e4ndige kassen\u00e4rztliche Vereinigung ist die KV Bayern:KVB M\u00fcnchen,\u00a0 80684 M\u00fcnchen, www.kvb.deUmsatzsteuer-ID<\/p>\n","protected":false},"author":1,"featured_media":0,"parent":0,"menu_order":0,"comment_status":"closed","ping_status":"closed","template":"","meta":{"footnotes":""},"class_list":["post-48","page","type-page","status-publish","hentry"],"_links":{"self":[{"href":"https:\/\/dr-barbara-kunz.de\/index.php?rest_route=\/wp\/v2\/pages\/48","targetHints":{"allow":["GET"]}}],"collection":[{"href":"https:\/\/dr-barbara-kunz.de\/index.php?rest_route=\/wp\/v2\/pages"}],"about":[{"href":"https:\/\/dr-barbara-kunz.de\/index.php?rest_route=\/wp\/v2\/types\/page"}],"author":[{"embeddable":true,"href":"https:\/\/dr-barbara-kunz.de\/index.php?rest_route=\/wp\/v2\/users\/1"}],"replies":[{"embeddable":true,"href":"https:\/\/dr-barbara-kunz.de\/index.php?rest_route=%2Fwp%2Fv2%2Fcomments&post=48"}],"version-history":[{"count":14,"href":"https:\/\/dr-barbara-kunz.de\/index.php?rest_route=\/wp\/v2\/pages\/48\/revisions"}],"predecessor-version":[{"id":282,"href":"https:\/\/dr-barbara-kunz.de\/index.php?rest_route=\/wp\/v2\/pages\/48\/revisions\/282"}],"wp:attachment":[{"href":"https:\/\/dr-barbara-kunz.de\/index.php?rest_route=%2Fwp%2Fv2%2Fmedia&parent=48"}],"curies":[{"name":"wp","href":"https:\/\/api.w.org\/{rel}","templated":true}]}}